{"id":2559,"date":"2026-01-28T14:45:02","date_gmt":"2026-01-28T13:45:02","guid":{"rendered":"https:\/\/www.pflanzliche-urtinkturen.com\/?page_id=2559"},"modified":"2026-01-30T13:53:33","modified_gmt":"2026-01-30T12:53:33","slug":"a-propos-de-nous","status":"publish","type":"page","link":"https:\/\/www.pflanzliche-urtinkturen.com\/fr\/a-propos-de-nous\/","title":{"rendered":"\u00c0 propos de nous"},"content":{"rendered":"<h1>\u00c0 propos de pflanzliche-urtinkturen.com<\/h1>\n<p>Cette plateforme offre un acc\u00e8s authentique, pratique et fond\u00e9 sur des connaissances solides au monde des teintures m\u00e8res de plantes. Elle est une source fiable pour tous ceux qui souhaitent non seulement conna\u00eetre les plantes m\u00e9dicinales, mais aussi les comprendre r\u00e9ellement et les int\u00e9grer consciemment dans leur vie quotidienne \u2013 pour plus de vitalit\u00e9, d\u2019\u00e9quilibre et de clart\u00e9 int\u00e9rieure.<\/p>\n<h2>Naturellement sain \u2013 avec un savoir qui unit<\/h2>\n<p data-end=\"509\" data-start=\"322\">De plus en plus de personnes recherchent des moyens naturels&nbsp;<strong>d\u2019harmoniser le corps, l\u2019esprit et l\u2019\u00e2me.<\/strong>&nbsp;Mais souvent, il manque un&nbsp;<strong>savoir fond\u00e9 et digne de confiance<\/strong> qui va au-del\u00e0 des simples rem\u00e8des maison.<\/p>\n<h4 style=\"\">Connaissance holistique des plantes<\/h4>\n<p style=\"font-size: 16px !important;\">Nous vous accompagnons de l\u2019initiation \u00e0 la phytoth\u00e9rapie jusqu\u2019\u00e0 la compr\u00e9hension approfondie de chaque teinture m\u00e8re \u2013&nbsp;<strong>pas seulement sur la base des principes actifs<\/strong>, mais en consid\u00e9rant&nbsp;<strong>l\u2019essence de la plante comme un tout vivant.<\/strong><\/p>\n<h4 style=\"\">Conscience et connexion \u00e0 la nature<\/h4>\n<p style=\"font-size: 16px !important;\">Notre vision est de reconnecter les gens \u00e0 la nature \u2013 par&nbsp;<strong>un apprentissage attentif<\/strong>, une compr\u00e9hension plus profonde et une&nbsp;<strong>attitude respectueuse envers la plante<\/strong>. Cela favorise non seulement la compr\u00e9hension des plantes m\u00e9dicinales, mais aussi&nbsp;<strong>une approche plus consciente de soi-m\u00eame.<\/strong><\/p>\n<h4>Science et savoir empirique<\/h4>\n<p style=\"font-size: 16px !important;\">Nous associons la&nbsp;<strong>compr\u00e9hension scientifique actuelle<\/strong>&nbsp;aux d\u00e9cennies d\u2019exp\u00e9rience en phytoth\u00e9rapie. Vous obtenez ainsi des informations fiables et compr\u00e9hensibles \u2013 et vous pouvez utiliser les teintures m\u00e8res de plantes&nbsp;<strong>de mani\u00e8re cibl\u00e9e, s\u00fbre et consciente au quotidien.<\/strong><\/p>\n<h2>\u00c0 propos des auteurs<\/h2>\n<p style=\"\">Dr. Roger Kalbermatten &#8211; <span style=\"color: var(98de5); text-transform: capitalize;\">Auteur, Chimiste<\/span><\/p>\n<p>Hildegard Kalbermatten &#8211; <span style=\"color: var(98de5); text-transform: capitalize;\">Auteure, P\u00e9dagogue Et Naturopathe<\/span><\/p>\n<p><strong>Roger et Hildegard Kalbermatten<\/strong>&nbsp;ont plus de 40 ans d\u2019exp\u00e9rience dans la recherche, la description et l\u2019application des plantes m\u00e9dicinales \u2013 notamment sous forme de&nbsp;<strong>teintures m\u00e8res<\/strong>, une forme de pr\u00e9paration particuli\u00e8rement puissante et originelle.<\/p>\n<p dir=\"ltr\">Leur \u0153uvre associe le savoir classique de la naturopathie \u00e0 la description syst\u00e9matique et approfondie des signatures v\u00e9g\u00e9tales, une compr\u00e9hension du monde \u00e0 la fois scientifique et \u00e9largie, et une vision syst\u00e9matiquement holistique de la relation entre l\u2019homme et la plante.<\/p>\n<p dir=\"ltr\">Ils aiguisent le regard sur les plantes m\u00e9dicinales non seulement en tant que porteuses de principes actifs, mais aussi en tant&nbsp;<strong>qu\u2019\u00eatres vivants<\/strong>, dont les caract\u00e9ristiques ext\u00e9rieures \u2013 couleur, forme, emplacement, rythme \u2013 donnent des indications sur leur orientation d\u2019action plus profonde.<\/p>\n<p dir=\"ltr\">Avec leurs livres \u2013 dont les ouvrages de r\u00e9f\u00e9rence \u00ab&nbsp;Pflanzliche Urtinkturen&nbsp;\u00bb et \u00ab&nbsp;Wesen und Signatur der Heilpflanzen&nbsp;\u00bb \u2013 ils ont d\u00e9velopp\u00e9 une m\u00e9thodologie ind\u00e9pendante pour comprendre et appliquer les plantes m\u00e9dicinales non seulement sur le plan mat\u00e9riel, mais aussi en ce qui concerne leur essence et leur forme de pr\u00e9paration.<\/p>\n<p dir=\"ltr\">Leurs connaissances offrent \u00e0 de nombreuses personnes une orientation pr\u00e9cieuse \u2013 en particulier l\u00e0 o\u00f9 il ne s\u2019agit pas seulement de soulager les sympt\u00f4mes, mais aussi&nbsp;<strong>de d\u00e9veloppement, de prise de conscience et d\u2019impulsions de gu\u00e9rison holistiques.<\/strong><\/p>\n<p dir=\"ltr\">Ce site web rend accessibles au public des contenus s\u00e9lectionn\u00e9s de l\u2019ensemble de leur \u0153uvre \u2013 comme une invitation \u00e0&nbsp;<strong>voir les plantes m\u00e9dicinales d\u2019un nouvel \u0153il, \u00e0 les comprendre plus profond\u00e9ment et \u00e0 utiliser toute leur force.<\/strong><strong><\/strong><\/p>\n<p style=\"letter-spacing: 3px;\">Version en ligne gratuite<\/p>\n<h2>Livre : Teintures m\u00e8res de plantes \u2013 Nature et application<\/h2>\n<p>Les plantes sont une source de vie et d\u2019\u00e9nergie pour l\u2019homme. Les plantes m\u00e9dicinales en particulier rec\u00e8lent un grand potentiel pour plus de sant\u00e9, de vitalit\u00e9, de force int\u00e9rieure et d\u2019\u00e9quilibre. La fabrication professionnelle et douce est toutefois essentielle. Les teintures m\u00e8res de plantes fra\u00eeches, broy\u00e9es de mani\u00e8re rythmique et m\u00fbries pendant plusieurs ann\u00e9es, peuvent d\u00e9ployer un effet holistique sur le plan physique et psychique.<strong>Ce livre pr\u00e9sente 48&nbsp;plantes m\u00e9dicinales dans leur nature et leur application et vous invite \u00e0 \u00e9tablir un lien plus profond avec les plantes. Afin que les forces actives des plantes puissent vous soutenir et vous accompagner au quotidien.<\/strong><\/p>\n<p><span style=\"\"><img decoding=\"async\" alt=\"\" data-id=\"2723\" width=\"339\" data-init-width=\"768\" height=\"339\" data-init-height=\"768\" title=\"Mockup-Buch-komprimiert-Pflanzliche-Urtinkturen-768x768_vers2\" loading=\"lazy\" src=\"https:\/\/www.pflanzliche-urtinkturen.com\/wp-content\/uploads\/2026\/01\/Mockup-Buch-komprimiert-Pflanzliche-Urtinkturen-768x768_vers2.jpg\" style=\"aspect-ratio: auto 768 \/ 768;\" mt-t=\"0\" ml-t=\"0\" center-v-t=\"false\" center-h-t=\"true\" data-width=\"339\" data-height=\"339\" ml-d=\"0\" mt-d=\"0\" center-h-d=\"true\" ml-m=\"0\" mt-m=\"0\" center-h-m=\"true\" center-v-m=\"true\"><\/span><\/p>\n<ul>\n<li style=\"\"><span><a href=\"https:\/\/www.dropbox.com\/scl\/fi\/o161af2hli7qh3yxol8dj\/Anleitungsvideo-v4.mp4?rlkey=tqjx0wmqbgb0bf8pwgtebywu8&amp;raw=1\" target=\"_blank\" style=\"outline: none;\"><span><span><\/span><\/span><\/a><a href=\"https:\/\/www.dropbox.com\/scl\/fi\/o161af2hli7qh3yxol8dj\/Anleitungsvideo-v4.mp4?rlkey=tqjx0wmqbgb0bf8pwgtebywu8&amp;raw=1\" target=\"_blank\" style=\"outline: currentcolor;\">Instructions pour smartphones&nbsp;: Ajouter \u00ab&nbsp;Teintures m\u00e8res de plantes&nbsp;\u00bb \u00e0 l\u2019\u00e9cran d\u2019accueil<\/a><\/span><\/li>\n<\/ul>\n","protected":false},"excerpt":{"rendered":"<p>\u00c0 propos de pflanzliche-urtinkturen.com Cette plateforme offre un acc\u00e8s authentique, pratique et fond\u00e9 sur des connaissances solides au monde des teintures m\u00e8res de plantes. Elle est une source fiable pour tous ceux qui souhaitent non seulement conna\u00eetre les plantes m\u00e9dicinales, mais aussi les comprendre r\u00e9ellement et les int\u00e9grer consciemment dans leur vie quotidienne \u2013 pour [&hellip;]<\/p>\n","protected":false},"author":3,"featured_media":0,"parent":0,"menu_order":0,"comment_status":"closed","ping_status":"closed","template":"","meta":{"footnotes":""},"class_list":["post-2559","page","type-page","status-publish","hentry","post-wrapper","thrv_wrapper"],"yoast_head":"<!-- This site is optimized with the Yoast SEO plugin v25.3 - https:\/\/yoast.com\/wordpress\/plugins\/seo\/ -->\n<title>\u00c0 propos de nous - Pflanzliche Urtinkturen<\/title>\n<meta name=\"description\" content=\"Entdecke, warum Roger &amp; Hildegard Kalbermatten diese Plattform gegr\u00fcndet haben und wie sie dir das Verst\u00e4ndnis pflanzlicher Urtinkturen erleichtert.\" \/>\n<meta name=\"robots\" content=\"index, follow, max-snippet:-1, max-image-preview:large, max-video-preview:-1\" \/>\n<link rel=\"canonical\" href=\"https:\/\/www.pflanzliche-urtinkturen.com\/fr\/a-propos-de-nous\/\" \/>\n<meta property=\"og:locale\" content=\"fr_FR\" \/>\n<meta property=\"og:type\" content=\"article\" \/>\n<meta property=\"og:title\" content=\"\u00c0 propos de nous - Pflanzliche Urtinkturen\" \/>\n<meta property=\"og:description\" content=\"Entdecke, warum Roger &amp; Hildegard Kalbermatten diese Plattform gegr\u00fcndet haben und wie sie dir das Verst\u00e4ndnis pflanzlicher Urtinkturen erleichtert.\" \/>\n<meta property=\"og:url\" content=\"https:\/\/www.pflanzliche-urtinkturen.com\/fr\/a-propos-de-nous\/\" \/>\n<meta property=\"og:site_name\" content=\"Pflanzliche Urtinkturen\" \/>\n<meta property=\"article:modified_time\" content=\"2026-01-30T12:53:33+00:00\" \/>\n<meta property=\"og:image\" content=\"https:\/\/www.pflanzliche-urtinkturen.com\/wp-content\/uploads\/2026\/01\/Mockup-Buch-komprimiert-Pflanzliche-Urtinkturen-768x768_vers2.jpg\" \/>\n<meta name=\"twitter:card\" content=\"summary_large_image\" \/>\n<meta name=\"twitter:label1\" content=\"Dur\u00e9e de lecture estim\u00e9e\" \/>\n\t<meta name=\"twitter:data1\" content=\"4 minutes\" \/>\n<script type=\"application\/ld+json\" class=\"yoast-schema-graph\">{\"@context\":\"https:\/\/schema.org\",\"@graph\":[{\"@type\":\"WebPage\",\"@id\":\"https:\/\/www.pflanzliche-urtinkturen.com\/fr\/a-propos-de-nous\/\",\"url\":\"https:\/\/www.pflanzliche-urtinkturen.com\/fr\/a-propos-de-nous\/\",\"name\":\"\u00c0 propos de nous - Pflanzliche Urtinkturen\",\"isPartOf\":{\"@id\":\"https:\/\/www.pflanzliche-urtinkturen.com\/fr\/#website\"},\"primaryImageOfPage\":{\"@id\":\"https:\/\/www.pflanzliche-urtinkturen.com\/fr\/a-propos-de-nous\/#primaryimage\"},\"image\":{\"@id\":\"https:\/\/www.pflanzliche-urtinkturen.com\/fr\/a-propos-de-nous\/#primaryimage\"},\"thumbnailUrl\":\"https:\/\/www.pflanzliche-urtinkturen.com\/wp-content\/uploads\/2026\/01\/Mockup-Buch-komprimiert-Pflanzliche-Urtinkturen-768x768_vers2.jpg\",\"datePublished\":\"2026-01-28T13:45:02+00:00\",\"dateModified\":\"2026-01-30T12:53:33+00:00\",\"description\":\"Entdecke, warum Roger & Hildegard Kalbermatten diese Plattform gegr\u00fcndet haben und wie sie dir das Verst\u00e4ndnis pflanzlicher Urtinkturen erleichtert.\",\"breadcrumb\":{\"@id\":\"https:\/\/www.pflanzliche-urtinkturen.com\/fr\/a-propos-de-nous\/#breadcrumb\"},\"inLanguage\":\"fr-FR\",\"potentialAction\":[{\"@type\":\"ReadAction\",\"target\":[\"https:\/\/www.pflanzliche-urtinkturen.com\/fr\/a-propos-de-nous\/\"]}]},{\"@type\":\"ImageObject\",\"inLanguage\":\"fr-FR\",\"@id\":\"https:\/\/www.pflanzliche-urtinkturen.com\/fr\/a-propos-de-nous\/#primaryimage\",\"url\":\"https:\/\/www.pflanzliche-urtinkturen.com\/wp-content\/uploads\/2026\/01\/Mockup-Buch-komprimiert-Pflanzliche-Urtinkturen-768x768_vers2.jpg\",\"contentUrl\":\"https:\/\/www.pflanzliche-urtinkturen.com\/wp-content\/uploads\/2026\/01\/Mockup-Buch-komprimiert-Pflanzliche-Urtinkturen-768x768_vers2.jpg\"},{\"@type\":\"BreadcrumbList\",\"@id\":\"https:\/\/www.pflanzliche-urtinkturen.com\/fr\/a-propos-de-nous\/#breadcrumb\",\"itemListElement\":[{\"@type\":\"ListItem\",\"position\":1,\"name\":\"Home\",\"item\":\"https:\/\/www.pflanzliche-urtinkturen.com\/fr\/\"},{\"@type\":\"ListItem\",\"position\":2,\"name\":\"\u00c0 propos de nous\"}]},{\"@type\":\"WebSite\",\"@id\":\"https:\/\/www.pflanzliche-urtinkturen.com\/fr\/#website\",\"url\":\"https:\/\/www.pflanzliche-urtinkturen.com\/fr\/\",\"name\":\"Pflanzliche Urtinkturen\",\"description\":\"\",\"potentialAction\":[{\"@type\":\"SearchAction\",\"target\":{\"@type\":\"EntryPoint\",\"urlTemplate\":\"https:\/\/www.pflanzliche-urtinkturen.com\/fr\/?s={search_term_string}\"},\"query-input\":{\"@type\":\"PropertyValueSpecification\",\"valueRequired\":true,\"valueName\":\"search_term_string\"}}],\"inLanguage\":\"fr-FR\"}]}<\/script>\n<!-- \/ Yoast SEO plugin. -->","yoast_head_json":{"title":"\u00c0 propos de nous - Pflanzliche Urtinkturen","description":"Entdecke, warum Roger & Hildegard Kalbermatten diese Plattform gegr\u00fcndet haben und wie sie dir das Verst\u00e4ndnis pflanzlicher Urtinkturen erleichtert.","robots":{"index":"index","follow":"follow","max-snippet":"max-snippet:-1","max-image-preview":"max-image-preview:large","max-video-preview":"max-video-preview:-1"},"canonical":"https:\/\/www.pflanzliche-urtinkturen.com\/fr\/a-propos-de-nous\/","og_locale":"fr_FR","og_type":"article","og_title":"\u00c0 propos de nous - Pflanzliche Urtinkturen","og_description":"Entdecke, warum Roger & Hildegard Kalbermatten diese Plattform gegr\u00fcndet haben und wie sie dir das Verst\u00e4ndnis pflanzlicher Urtinkturen erleichtert.","og_url":"https:\/\/www.pflanzliche-urtinkturen.com\/fr\/a-propos-de-nous\/","og_site_name":"Pflanzliche Urtinkturen","article_modified_time":"2026-01-30T12:53:33+00:00","og_image":[{"url":"https:\/\/www.pflanzliche-urtinkturen.com\/wp-content\/uploads\/2026\/01\/Mockup-Buch-komprimiert-Pflanzliche-Urtinkturen-768x768_vers2.jpg","type":"","width":"","height":""}],"twitter_card":"summary_large_image","twitter_misc":{"Dur\u00e9e de lecture estim\u00e9e":"4 minutes"},"schema":{"@context":"https:\/\/schema.org","@graph":[{"@type":"WebPage","@id":"https:\/\/www.pflanzliche-urtinkturen.com\/fr\/a-propos-de-nous\/","url":"https:\/\/www.pflanzliche-urtinkturen.com\/fr\/a-propos-de-nous\/","name":"\u00c0 propos de nous - Pflanzliche Urtinkturen","isPartOf":{"@id":"https:\/\/www.pflanzliche-urtinkturen.com\/fr\/#website"},"primaryImageOfPage":{"@id":"https:\/\/www.pflanzliche-urtinkturen.com\/fr\/a-propos-de-nous\/#primaryimage"},"image":{"@id":"https:\/\/www.pflanzliche-urtinkturen.com\/fr\/a-propos-de-nous\/#primaryimage"},"thumbnailUrl":"https:\/\/www.pflanzliche-urtinkturen.com\/wp-content\/uploads\/2026\/01\/Mockup-Buch-komprimiert-Pflanzliche-Urtinkturen-768x768_vers2.jpg","datePublished":"2026-01-28T13:45:02+00:00","dateModified":"2026-01-30T12:53:33+00:00","description":"Entdecke, warum Roger & Hildegard Kalbermatten diese Plattform gegr\u00fcndet haben und wie sie dir das Verst\u00e4ndnis pflanzlicher Urtinkturen erleichtert.","breadcrumb":{"@id":"https:\/\/www.pflanzliche-urtinkturen.com\/fr\/a-propos-de-nous\/#breadcrumb"},"inLanguage":"fr-FR","potentialAction":[{"@type":"ReadAction","target":["https:\/\/www.pflanzliche-urtinkturen.com\/fr\/a-propos-de-nous\/"]}]},{"@type":"ImageObject","inLanguage":"fr-FR","@id":"https:\/\/www.pflanzliche-urtinkturen.com\/fr\/a-propos-de-nous\/#primaryimage","url":"https:\/\/www.pflanzliche-urtinkturen.com\/wp-content\/uploads\/2026\/01\/Mockup-Buch-komprimiert-Pflanzliche-Urtinkturen-768x768_vers2.jpg","contentUrl":"https:\/\/www.pflanzliche-urtinkturen.com\/wp-content\/uploads\/2026\/01\/Mockup-Buch-komprimiert-Pflanzliche-Urtinkturen-768x768_vers2.jpg"},{"@type":"BreadcrumbList","@id":"https:\/\/www.pflanzliche-urtinkturen.com\/fr\/a-propos-de-nous\/#breadcrumb","itemListElement":[{"@type":"ListItem","position":1,"name":"Home","item":"https:\/\/www.pflanzliche-urtinkturen.com\/fr\/"},{"@type":"ListItem","position":2,"name":"\u00c0 propos de nous"}]},{"@type":"WebSite","@id":"https:\/\/www.pflanzliche-urtinkturen.com\/fr\/#website","url":"https:\/\/www.pflanzliche-urtinkturen.com\/fr\/","name":"Pflanzliche Urtinkturen","description":"","potentialAction":[{"@type":"SearchAction","target":{"@type":"EntryPoint","urlTemplate":"https:\/\/www.pflanzliche-urtinkturen.com\/fr\/?s={search_term_string}"},"query-input":{"@type":"PropertyValueSpecification","valueRequired":true,"valueName":"search_term_string"}}],"inLanguage":"fr-FR"}]}},"_links":{"self":[{"href":"https:\/\/www.pflanzliche-urtinkturen.com\/fr\/wp-json\/wp\/v2\/pages\/2559","targetHints":{"allow":["GET"]}}],"collection":[{"href":"https:\/\/www.pflanzliche-urtinkturen.com\/fr\/wp-json\/wp\/v2\/pages"}],"about":[{"href":"https:\/\/www.pflanzliche-urtinkturen.com\/fr\/wp-json\/wp\/v2\/types\/page"}],"author":[{"embeddable":true,"href":"https:\/\/www.pflanzliche-urtinkturen.com\/fr\/wp-json\/wp\/v2\/users\/3"}],"replies":[{"embeddable":true,"href":"https:\/\/www.pflanzliche-urtinkturen.com\/fr\/wp-json\/wp\/v2\/comments?post=2559"}],"version-history":[{"count":4,"href":"https:\/\/www.pflanzliche-urtinkturen.com\/fr\/wp-json\/wp\/v2\/pages\/2559\/revisions"}],"predecessor-version":[{"id":2735,"href":"https:\/\/www.pflanzliche-urtinkturen.com\/fr\/wp-json\/wp\/v2\/pages\/2559\/revisions\/2735"}],"wp:attachment":[{"href":"https:\/\/www.pflanzliche-urtinkturen.com\/fr\/wp-json\/wp\/v2\/media?parent=2559"}],"curies":[{"name":"wp","href":"https:\/\/api.w.org\/{rel}","templated":true}]}}