{"id":2527,"date":"2026-01-28T14:31:33","date_gmt":"2026-01-28T13:31:33","guid":{"rendered":"https:\/\/www.pflanzliche-urtinkturen.com\/?page_id=2527"},"modified":"2026-01-28T16:08:32","modified_gmt":"2026-01-28T15:08:32","slug":"contact","status":"publish","type":"page","link":"https:\/\/www.pflanzliche-urtinkturen.com\/fr\/contact\/","title":{"rendered":"Contact"},"content":{"rendered":"<h1>Contact<\/h1>\n<p>Qu\u2019il s\u2019agisse de questions sur les teintures m\u00e8res de plantes, de remarques sur le site web, de probl\u00e8mes techniques ou d\u2019un int\u00e9r\u00eat pour une collaboration, nous sommes ravis et r\u00e9pondons volontiers aux messages d\u00e8s que possible.<\/p>\n","protected":false},"excerpt":{"rendered":"<p>Contact Qu\u2019il s\u2019agisse de questions sur les teintures m\u00e8res de plantes, de remarques sur le site web, de probl\u00e8mes techniques ou d\u2019un int\u00e9r\u00eat pour une collaboration, nous sommes ravis et r\u00e9pondons volontiers aux messages d\u00e8s que possible.<\/p>\n","protected":false},"author":3,"featured_media":0,"parent":0,"menu_order":0,"comment_status":"closed","ping_status":"closed","template":"","meta":{"footnotes":""},"class_list":["post-2527","page","type-page","status-publish","hentry","post-wrapper","thrv_wrapper"],"yoast_head":"<!-- This site is optimized with the Yoast SEO plugin v25.3 - https:\/\/yoast.com\/wordpress\/plugins\/seo\/ -->\n<title>Contact - Pflanzliche Urtinkturen<\/title>\n<meta name=\"description\" content=\"Du hast Fragen zu pflanzlichen Urtinkturen? Schreib uns einfach, wir sind f\u00fcr dich da und helfen dir gern weiter.\" \/>\n<meta name=\"robots\" content=\"index, follow, max-snippet:-1, max-image-preview:large, max-video-preview:-1\" \/>\n<link rel=\"canonical\" href=\"https:\/\/www.pflanzliche-urtinkturen.com\/fr\/contact\/\" \/>\n<meta property=\"og:locale\" content=\"fr_FR\" \/>\n<meta property=\"og:type\" content=\"article\" \/>\n<meta property=\"og:title\" content=\"Contact - Pflanzliche Urtinkturen\" \/>\n<meta property=\"og:description\" content=\"Du hast Fragen zu pflanzlichen Urtinkturen? Schreib uns einfach, wir sind f\u00fcr dich da und helfen dir gern weiter.\" \/>\n<meta property=\"og:url\" content=\"https:\/\/www.pflanzliche-urtinkturen.com\/fr\/contact\/\" \/>\n<meta property=\"og:site_name\" content=\"Pflanzliche Urtinkturen\" \/>\n<meta property=\"article:modified_time\" content=\"2026-01-28T15:08:32+00:00\" \/>\n<meta name=\"twitter:card\" content=\"summary_large_image\" \/>\n<meta name=\"twitter:label1\" content=\"Dur\u00e9e de lecture estim\u00e9e\" \/>\n\t<meta name=\"twitter:data1\" content=\"1 minute\" \/>\n<script type=\"application\/ld+json\" class=\"yoast-schema-graph\">{\"@context\":\"https:\/\/schema.org\",\"@graph\":[{\"@type\":\"WebPage\",\"@id\":\"https:\/\/www.pflanzliche-urtinkturen.com\/fr\/contact\/\",\"url\":\"https:\/\/www.pflanzliche-urtinkturen.com\/fr\/contact\/\",\"name\":\"Contact - Pflanzliche Urtinkturen\",\"isPartOf\":{\"@id\":\"https:\/\/www.pflanzliche-urtinkturen.com\/fr\/#website\"},\"datePublished\":\"2026-01-28T13:31:33+00:00\",\"dateModified\":\"2026-01-28T15:08:32+00:00\",\"description\":\"Du hast Fragen zu pflanzlichen Urtinkturen? Schreib uns einfach, wir sind f\u00fcr dich da und helfen dir gern weiter.\",\"breadcrumb\":{\"@id\":\"https:\/\/www.pflanzliche-urtinkturen.com\/fr\/contact\/#breadcrumb\"},\"inLanguage\":\"fr-FR\",\"potentialAction\":[{\"@type\":\"ReadAction\",\"target\":[\"https:\/\/www.pflanzliche-urtinkturen.com\/fr\/contact\/\"]}]},{\"@type\":\"BreadcrumbList\",\"@id\":\"https:\/\/www.pflanzliche-urtinkturen.com\/fr\/contact\/#breadcrumb\",\"itemListElement\":[{\"@type\":\"ListItem\",\"position\":1,\"name\":\"Home\",\"item\":\"https:\/\/www.pflanzliche-urtinkturen.com\/fr\/\"},{\"@type\":\"ListItem\",\"position\":2,\"name\":\"Contact\"}]},{\"@type\":\"WebSite\",\"@id\":\"https:\/\/www.pflanzliche-urtinkturen.com\/fr\/#website\",\"url\":\"https:\/\/www.pflanzliche-urtinkturen.com\/fr\/\",\"name\":\"Pflanzliche Urtinkturen\",\"description\":\"\",\"potentialAction\":[{\"@type\":\"SearchAction\",\"target\":{\"@type\":\"EntryPoint\",\"urlTemplate\":\"https:\/\/www.pflanzliche-urtinkturen.com\/fr\/?s={search_term_string}\"},\"query-input\":{\"@type\":\"PropertyValueSpecification\",\"valueRequired\":true,\"valueName\":\"search_term_string\"}}],\"inLanguage\":\"fr-FR\"}]}<\/script>\n<!-- \/ Yoast SEO plugin. -->","yoast_head_json":{"title":"Contact - Pflanzliche Urtinkturen","description":"Du hast Fragen zu pflanzlichen Urtinkturen? Schreib uns einfach, wir sind f\u00fcr dich da und helfen dir gern weiter.","robots":{"index":"index","follow":"follow","max-snippet":"max-snippet:-1","max-image-preview":"max-image-preview:large","max-video-preview":"max-video-preview:-1"},"canonical":"https:\/\/www.pflanzliche-urtinkturen.com\/fr\/contact\/","og_locale":"fr_FR","og_type":"article","og_title":"Contact - Pflanzliche Urtinkturen","og_description":"Du hast Fragen zu pflanzlichen Urtinkturen? Schreib uns einfach, wir sind f\u00fcr dich da und helfen dir gern weiter.","og_url":"https:\/\/www.pflanzliche-urtinkturen.com\/fr\/contact\/","og_site_name":"Pflanzliche Urtinkturen","article_modified_time":"2026-01-28T15:08:32+00:00","twitter_card":"summary_large_image","twitter_misc":{"Dur\u00e9e de lecture estim\u00e9e":"1 minute"},"schema":{"@context":"https:\/\/schema.org","@graph":[{"@type":"WebPage","@id":"https:\/\/www.pflanzliche-urtinkturen.com\/fr\/contact\/","url":"https:\/\/www.pflanzliche-urtinkturen.com\/fr\/contact\/","name":"Contact - Pflanzliche Urtinkturen","isPartOf":{"@id":"https:\/\/www.pflanzliche-urtinkturen.com\/fr\/#website"},"datePublished":"2026-01-28T13:31:33+00:00","dateModified":"2026-01-28T15:08:32+00:00","description":"Du hast Fragen zu pflanzlichen Urtinkturen? Schreib uns einfach, wir sind f\u00fcr dich da und helfen dir gern weiter.","breadcrumb":{"@id":"https:\/\/www.pflanzliche-urtinkturen.com\/fr\/contact\/#breadcrumb"},"inLanguage":"fr-FR","potentialAction":[{"@type":"ReadAction","target":["https:\/\/www.pflanzliche-urtinkturen.com\/fr\/contact\/"]}]},{"@type":"BreadcrumbList","@id":"https:\/\/www.pflanzliche-urtinkturen.com\/fr\/contact\/#breadcrumb","itemListElement":[{"@type":"ListItem","position":1,"name":"Home","item":"https:\/\/www.pflanzliche-urtinkturen.com\/fr\/"},{"@type":"ListItem","position":2,"name":"Contact"}]},{"@type":"WebSite","@id":"https:\/\/www.pflanzliche-urtinkturen.com\/fr\/#website","url":"https:\/\/www.pflanzliche-urtinkturen.com\/fr\/","name":"Pflanzliche Urtinkturen","description":"","potentialAction":[{"@type":"SearchAction","target":{"@type":"EntryPoint","urlTemplate":"https:\/\/www.pflanzliche-urtinkturen.com\/fr\/?s={search_term_string}"},"query-input":{"@type":"PropertyValueSpecification","valueRequired":true,"valueName":"search_term_string"}}],"inLanguage":"fr-FR"}]}},"_links":{"self":[{"href":"https:\/\/www.pflanzliche-urtinkturen.com\/fr\/wp-json\/wp\/v2\/pages\/2527","targetHints":{"allow":["GET"]}}],"collection":[{"href":"https:\/\/www.pflanzliche-urtinkturen.com\/fr\/wp-json\/wp\/v2\/pages"}],"about":[{"href":"https:\/\/www.pflanzliche-urtinkturen.com\/fr\/wp-json\/wp\/v2\/types\/page"}],"author":[{"embeddable":true,"href":"https:\/\/www.pflanzliche-urtinkturen.com\/fr\/wp-json\/wp\/v2\/users\/3"}],"replies":[{"embeddable":true,"href":"https:\/\/www.pflanzliche-urtinkturen.com\/fr\/wp-json\/wp\/v2\/comments?post=2527"}],"version-history":[{"count":4,"href":"https:\/\/www.pflanzliche-urtinkturen.com\/fr\/wp-json\/wp\/v2\/pages\/2527\/revisions"}],"predecessor-version":[{"id":2683,"href":"https:\/\/www.pflanzliche-urtinkturen.com\/fr\/wp-json\/wp\/v2\/pages\/2527\/revisions\/2683"}],"wp:attachment":[{"href":"https:\/\/www.pflanzliche-urtinkturen.com\/fr\/wp-json\/wp\/v2\/media?parent=2527"}],"curies":[{"name":"wp","href":"https:\/\/api.w.org\/{rel}","templated":true}]}}