{"id":2387,"date":"2026-01-28T14:58:06","date_gmt":"2026-01-28T13:58:06","guid":{"rendered":"https:\/\/www.pflanzliche-urtinkturen.com\/?page_id=2387"},"modified":"2026-01-28T15:05:26","modified_gmt":"2026-01-28T14:05:26","slug":"mentions-legales","status":"publish","type":"page","link":"https:\/\/www.pflanzliche-urtinkturen.com\/fr\/mentions-legales\/","title":{"rendered":"Mentions l\u00e9gales"},"content":{"rendered":"<p><strong>Le responsable de cette page est :<\/strong><\/p>\n<p>Roger et Hildegard KalbermattenAawandel 28593 Kesswil TG, Suisse<\/p>\n<p><strong>Contact concernant le contenu :<\/strong> pflanzliche.urtinkturen@hotmail.com<\/p>\n<p><strong>Cr\u00e9dits photographiques<\/strong>Roger Kalbermatten ; Raphael von B\u00fcren ; ESA\/Hubble (2006) : <a title=\"Ouvre un lien externe dans une nouvelle fen\u00eatre\" href=\"https:\/\/en.wikipedia.org\/wiki\/Star\" target=\"_blank\" rel=\"noopener\">https:\/\/en.wikipedia.org\/wiki\/Star<\/a> (Wikipedia) ; Design Paracelsus : Alfred Bast (2015).<\/p>\n<h2>Clause de non-responsabilit\u00e9<\/h2>\n<p><strong>Exclusion de responsabilit\u00e9<\/strong><\/p>\n<p>Les contenus de ce site web ont \u00e9t\u00e9 cr\u00e9\u00e9s avec le plus grand soin et au mieux de nos connaissances. Toutefois, aucune garantie n\u2019est donn\u00e9e quant \u00e0 l\u2019actualit\u00e9, l\u2019exhaustivit\u00e9 et l\u2019exactitude des informations mises \u00e0 disposition. Les contenus pr\u00e9sent\u00e9s sur ce site web servent exclusivement \u00e0 la transmission de connaissances g\u00e9n\u00e9rales sur les plantes m\u00e9dicinales et les teintures m\u00e8res et ne remplacent <strong data-end=\"970\" data-start=\"909\">en aucun cas un conseil, un diagnostic ou un traitement m\u00e9dical<\/strong>. En cas de probl\u00e8mes de sant\u00e9, veuillez consulter un m\u00e9decin ou un sp\u00e9cialiste.<\/p>\n<p data-end=\"1206\" data-start=\"1062\">Nous d\u00e9clinons toute responsabilit\u00e9 quant aux contenus des sites web externes mis en lien. Seuls les exploitants respectifs en sont responsables.<\/p>\n<p><strong>Traitement des donn\u00e9es personnelles<\/strong><\/p>\n<p>Les donn\u00e9es personnelles que vous nous communiquez volontairement \u2013 par exemple, votre nom, votre adresse e-mail ou des informations professionnelles \u2013 sont utilis\u00e9es exclusivement pour le traitement de votre demande, pour la mise \u00e0 disposition du livre en ligne gratuit ou pour l\u2019envoi d\u2019informations et d\u2019offres. Elles ne sont pas transmises \u00e0 des tiers, sauf si nous y sommes l\u00e9galement tenus ou si vous y avez express\u00e9ment consenti. Vous trouverez plus de d\u00e9tails dans notre d\u00e9claration de protection des donn\u00e9es.<\/p>\n<p><strong><strong><strong data-end=\"1754\" data-start=\"1726\">Droits d\u2019auteur \/ Copyright<\/strong><\/strong><\/strong><\/p>\n<p>Tous les contenus de ce site web \u2013 y compris les textes, les images, les graphiques, les vid\u00e9os, les illustrations ainsi que tous les autres \u00e9l\u00e9ments \u2013 sont prot\u00e9g\u00e9s par le droit d\u2019auteur. Les droits appartiennent \u00e0 AT Verlag ou aux d\u00e9tenteurs de droits respectifs.Toute utilisation, reproduction, modification ou diffusion des contenus n\u2019est autoris\u00e9e qu\u2019avec l\u2019accord pr\u00e9alable et expr\u00e8s des d\u00e9tenteurs de droits. Ceci vaut \u00e9galement pour les marques, les logos et autres signes distinctifs prot\u00e9g\u00e9s.<\/p>\n<h2>Cr\u00e9dits photographiques<\/h2>\n<p><strong><strong><strong data-end=\"1754\" data-start=\"1726\">Les images de cette page ont \u00e9t\u00e9 cr\u00e9\u00e9es par<\/strong><\/strong><\/strong>Roger Kalbermatten ; Raphael von B\u00fcren, Nano Banana.<\/p>\n","protected":false},"excerpt":{"rendered":"<p>Le responsable de cette page est : Roger et Hildegard KalbermattenAawandel 28593 Kesswil TG, Suisse Contact concernant le contenu : pflanzliche.urtinkturen@hotmail.com Cr\u00e9dits photographiquesRoger Kalbermatten ; Raphael von B\u00fcren ; ESA\/Hubble (2006) : https:\/\/en.wikipedia.org\/wiki\/Star (Wikipedia) ; Design Paracelsus : Alfred Bast (2015). Clause de non-responsabilit\u00e9 Exclusion de responsabilit\u00e9 Les contenus de ce site web ont \u00e9t\u00e9 [&hellip;]<\/p>\n","protected":false},"author":7,"featured_media":0,"parent":0,"menu_order":0,"comment_status":"closed","ping_status":"closed","template":"","meta":{"footnotes":""},"class_list":["post-2387","page","type-page","status-publish","hentry","post-wrapper","thrv_wrapper"],"yoast_head":"<!-- This site is optimized with the Yoast SEO plugin v25.3 - https:\/\/yoast.com\/wordpress\/plugins\/seo\/ -->\n<title>Mentions l\u00e9gales - Pflanzliche Urtinkturen<\/title>\n<meta name=\"description\" content=\"Mentions l\u00e9gales du portail de connaissances sur les teintures m\u00e8res de plantes et les plantes m\u00e9dicinales \u2013 Informations conform\u00e9ment aux dispositions l\u00e9gales.\" \/>\n<meta name=\"robots\" content=\"index, follow, max-snippet:-1, max-image-preview:large, max-video-preview:-1\" \/>\n<link rel=\"canonical\" href=\"https:\/\/www.pflanzliche-urtinkturen.com\/fr\/mentions-legales\/\" \/>\n<meta property=\"og:locale\" content=\"fr_FR\" \/>\n<meta property=\"og:type\" content=\"article\" \/>\n<meta property=\"og:title\" content=\"Mentions l\u00e9gales - Pflanzliche Urtinkturen\" \/>\n<meta property=\"og:description\" content=\"Mentions l\u00e9gales du portail de connaissances sur les teintures m\u00e8res de plantes et les plantes m\u00e9dicinales \u2013 Informations conform\u00e9ment aux dispositions l\u00e9gales.\" \/>\n<meta property=\"og:url\" content=\"https:\/\/www.pflanzliche-urtinkturen.com\/fr\/mentions-legales\/\" \/>\n<meta property=\"og:site_name\" content=\"Pflanzliche Urtinkturen\" \/>\n<meta property=\"article:modified_time\" content=\"2026-01-28T14:05:26+00:00\" \/>\n<meta name=\"twitter:card\" content=\"summary_large_image\" \/>\n<meta name=\"twitter:label1\" content=\"Dur\u00e9e de lecture estim\u00e9e\" \/>\n\t<meta name=\"twitter:data1\" content=\"2 minutes\" \/>\n<script type=\"application\/ld+json\" class=\"yoast-schema-graph\">{\"@context\":\"https:\/\/schema.org\",\"@graph\":[{\"@type\":\"WebPage\",\"@id\":\"https:\/\/www.pflanzliche-urtinkturen.com\/fr\/mentions-legales\/\",\"url\":\"https:\/\/www.pflanzliche-urtinkturen.com\/fr\/mentions-legales\/\",\"name\":\"Mentions l\u00e9gales - Pflanzliche Urtinkturen\",\"isPartOf\":{\"@id\":\"https:\/\/www.pflanzliche-urtinkturen.com\/fr\/#website\"},\"datePublished\":\"2026-01-28T13:58:06+00:00\",\"dateModified\":\"2026-01-28T14:05:26+00:00\",\"description\":\"Mentions l\u00e9gales du portail de connaissances sur les teintures m\u00e8res de plantes et les plantes m\u00e9dicinales \u2013 Informations conform\u00e9ment aux dispositions l\u00e9gales.\",\"breadcrumb\":{\"@id\":\"https:\/\/www.pflanzliche-urtinkturen.com\/fr\/mentions-legales\/#breadcrumb\"},\"inLanguage\":\"fr-FR\",\"potentialAction\":[{\"@type\":\"ReadAction\",\"target\":[\"https:\/\/www.pflanzliche-urtinkturen.com\/fr\/mentions-legales\/\"]}]},{\"@type\":\"BreadcrumbList\",\"@id\":\"https:\/\/www.pflanzliche-urtinkturen.com\/fr\/mentions-legales\/#breadcrumb\",\"itemListElement\":[{\"@type\":\"ListItem\",\"position\":1,\"name\":\"Home\",\"item\":\"https:\/\/www.pflanzliche-urtinkturen.com\/fr\/\"},{\"@type\":\"ListItem\",\"position\":2,\"name\":\"Mentions l\u00e9gales\"}]},{\"@type\":\"WebSite\",\"@id\":\"https:\/\/www.pflanzliche-urtinkturen.com\/fr\/#website\",\"url\":\"https:\/\/www.pflanzliche-urtinkturen.com\/fr\/\",\"name\":\"Pflanzliche Urtinkturen\",\"description\":\"\",\"potentialAction\":[{\"@type\":\"SearchAction\",\"target\":{\"@type\":\"EntryPoint\",\"urlTemplate\":\"https:\/\/www.pflanzliche-urtinkturen.com\/fr\/?s={search_term_string}\"},\"query-input\":{\"@type\":\"PropertyValueSpecification\",\"valueRequired\":true,\"valueName\":\"search_term_string\"}}],\"inLanguage\":\"fr-FR\"}]}<\/script>\n<!-- \/ Yoast SEO plugin. -->","yoast_head_json":{"title":"Mentions l\u00e9gales - Pflanzliche Urtinkturen","description":"Mentions l\u00e9gales du portail de connaissances sur les teintures m\u00e8res de plantes et les plantes m\u00e9dicinales \u2013 Informations conform\u00e9ment aux dispositions l\u00e9gales.","robots":{"index":"index","follow":"follow","max-snippet":"max-snippet:-1","max-image-preview":"max-image-preview:large","max-video-preview":"max-video-preview:-1"},"canonical":"https:\/\/www.pflanzliche-urtinkturen.com\/fr\/mentions-legales\/","og_locale":"fr_FR","og_type":"article","og_title":"Mentions l\u00e9gales - Pflanzliche Urtinkturen","og_description":"Mentions l\u00e9gales du portail de connaissances sur les teintures m\u00e8res de plantes et les plantes m\u00e9dicinales \u2013 Informations conform\u00e9ment aux dispositions l\u00e9gales.","og_url":"https:\/\/www.pflanzliche-urtinkturen.com\/fr\/mentions-legales\/","og_site_name":"Pflanzliche Urtinkturen","article_modified_time":"2026-01-28T14:05:26+00:00","twitter_card":"summary_large_image","twitter_misc":{"Dur\u00e9e de lecture estim\u00e9e":"2 minutes"},"schema":{"@context":"https:\/\/schema.org","@graph":[{"@type":"WebPage","@id":"https:\/\/www.pflanzliche-urtinkturen.com\/fr\/mentions-legales\/","url":"https:\/\/www.pflanzliche-urtinkturen.com\/fr\/mentions-legales\/","name":"Mentions l\u00e9gales - Pflanzliche Urtinkturen","isPartOf":{"@id":"https:\/\/www.pflanzliche-urtinkturen.com\/fr\/#website"},"datePublished":"2026-01-28T13:58:06+00:00","dateModified":"2026-01-28T14:05:26+00:00","description":"Mentions l\u00e9gales du portail de connaissances sur les teintures m\u00e8res de plantes et les plantes m\u00e9dicinales \u2013 Informations conform\u00e9ment aux dispositions l\u00e9gales.","breadcrumb":{"@id":"https:\/\/www.pflanzliche-urtinkturen.com\/fr\/mentions-legales\/#breadcrumb"},"inLanguage":"fr-FR","potentialAction":[{"@type":"ReadAction","target":["https:\/\/www.pflanzliche-urtinkturen.com\/fr\/mentions-legales\/"]}]},{"@type":"BreadcrumbList","@id":"https:\/\/www.pflanzliche-urtinkturen.com\/fr\/mentions-legales\/#breadcrumb","itemListElement":[{"@type":"ListItem","position":1,"name":"Home","item":"https:\/\/www.pflanzliche-urtinkturen.com\/fr\/"},{"@type":"ListItem","position":2,"name":"Mentions l\u00e9gales"}]},{"@type":"WebSite","@id":"https:\/\/www.pflanzliche-urtinkturen.com\/fr\/#website","url":"https:\/\/www.pflanzliche-urtinkturen.com\/fr\/","name":"Pflanzliche Urtinkturen","description":"","potentialAction":[{"@type":"SearchAction","target":{"@type":"EntryPoint","urlTemplate":"https:\/\/www.pflanzliche-urtinkturen.com\/fr\/?s={search_term_string}"},"query-input":{"@type":"PropertyValueSpecification","valueRequired":true,"valueName":"search_term_string"}}],"inLanguage":"fr-FR"}]}},"_links":{"self":[{"href":"https:\/\/www.pflanzliche-urtinkturen.com\/fr\/wp-json\/wp\/v2\/pages\/2387","targetHints":{"allow":["GET"]}}],"collection":[{"href":"https:\/\/www.pflanzliche-urtinkturen.com\/fr\/wp-json\/wp\/v2\/pages"}],"about":[{"href":"https:\/\/www.pflanzliche-urtinkturen.com\/fr\/wp-json\/wp\/v2\/types\/page"}],"author":[{"embeddable":true,"href":"https:\/\/www.pflanzliche-urtinkturen.com\/fr\/wp-json\/wp\/v2\/users\/7"}],"replies":[{"embeddable":true,"href":"https:\/\/www.pflanzliche-urtinkturen.com\/fr\/wp-json\/wp\/v2\/comments?post=2387"}],"version-history":[{"count":4,"href":"https:\/\/www.pflanzliche-urtinkturen.com\/fr\/wp-json\/wp\/v2\/pages\/2387\/revisions"}],"predecessor-version":[{"id":2587,"href":"https:\/\/www.pflanzliche-urtinkturen.com\/fr\/wp-json\/wp\/v2\/pages\/2387\/revisions\/2587"}],"wp:attachment":[{"href":"https:\/\/www.pflanzliche-urtinkturen.com\/fr\/wp-json\/wp\/v2\/media?parent=2387"}],"curies":[{"name":"wp","href":"https:\/\/api.w.org\/{rel}","templated":true}]}}